{"id":2810,"date":"2026-04-11T14:16:49","date_gmt":"2026-04-11T13:16:49","guid":{"rendered":"https:\/\/astrowondergirl.com\/?post_type=product&#038;p=2810"},"modified":"2026-04-11T14:26:19","modified_gmt":"2026-04-11T13:26:19","slug":"astrocoaching","status":"publish","type":"product","link":"https:\/\/astrowondergirl.com\/index.php\/product\/astrocoaching\/","title":{"rendered":"AstroCoaching"},"content":{"rendered":"","protected":false},"excerpt":{"rendered":"<p>Az AstroCoaching egy egyedi folyamat, amely \u00f6tv\u00f6zi az asztrol\u00f3gia \u00f6nismereti m\u00e9lys\u00e9g\u00e9t \u00e9s a Theta Healing \u00e1talak\u00edt\u00f3 erej\u00e9t. A foglalkoz\u00e1s els\u0151 r\u00e9sz\u00e9ben felt\u00e1rjuk, milyen elakad\u00e1sok \u00e9s lehet\u0151s\u00e9gek jelennek meg a sz\u00fclet\u00e9si k\u00e9pletedben azon az \u00e9letter\u00fcleten, amely \u00e9ppen foglalkoztat. Ezt k\u00f6vet\u0151en a Theta Healing technika seg\u00edts\u00e9g\u00e9vel oldjuk a korl\u00e1toz\u00f3 hitrendszereket, \u00e9s t\u00e1mogat\u00f3, \u00faj mint\u00e1kat \u00e9p\u00edt\u00fcnk be. A folyamat c\u00e9lja, hogy tudatosabb\u00e1 v\u00e1lj, \u00e9s bels\u0151 szinten is elinduljon a v\u00e1ltoz\u00e1s.<\/p>\n<p>&nbsp;<\/p>\n<p><i>Miut\u00e1n megv\u00e1s\u00e1roltad ezt a szolg\u00e1ltat\u00e1st, k\u00e9rlek navig\u00e1lj a Kapcsolat men\u00fcpontra, \u00e9s k\u00fcldd el nekem a pontos sz\u00fclet\u00e9si adataidat (hely, d\u00e1tum, \u00f3ra \u00e9s perc),illetve a jelenlegi lak\u00f3helyedet, valamint a konkr\u00e9t k\u00e9rd\u00e9st, amire kiv\u00e1ncsi vagy. Az adatok megad\u00e1sa ut\u00e1n, visszajelzek a 75 perces online meeting lehets\u00e9ges id\u0151pontjaival kapcsolatban.<\/i><\/p>\n","protected":false},"featured_media":2811,"template":"","meta":{"site-sidebar-layout":"default","site-content-layout":"","ast-site-content-layout":"default","site-content-style":"default","site-sidebar-style":"default","ast-global-header-display":"","ast-banner-title-visibility":"","ast-main-header-display":"","ast-hfb-above-header-display":"","ast-hfb-below-header-display":"","ast-hfb-mobile-header-display":"","site-post-title":"","ast-breadcrumbs-content":"","ast-featured-img":"","footer-sml-layout":"","theme-transparent-header-meta":"default","adv-header-id-meta":"","stick-header-meta":"","header-above-stick-meta":"","header-main-stick-meta":"","header-below-stick-meta":"","astra-migrate-meta-layouts":"set","ast-page-background-enabled":"default","ast-page-background-meta":{"desktop":{"background-color":"var(--ast-global-color-4)","background-image":"","background-repeat":"repeat","background-position":"center center","background-size":"auto","background-attachment":"scroll","background-type":"","background-media":"","overlay-type":"","overlay-color":"","overlay-gradient":""},"tablet":{"background-color":"","background-image":"","background-repeat":"repeat","background-position":"center center","background-size":"auto","background-attachment":"scroll","background-type":"","background-media":"","overlay-type":"","overlay-color":"","overlay-gradient":""},"mobile":{"background-color":"","background-image":"","background-repeat":"repeat","background-position":"center center","background-size":"auto","background-attachment":"scroll","background-type":"","background-media":"","overlay-type":"","overlay-color":"","overlay-gradient":""}},"ast-content-background-meta":{"desktop":{"background-color":"var(--ast-global-color-5)","background-image":"","background-repeat":"repeat","background-position":"center center","background-size":"auto","background-attachment":"scroll","background-type":"","background-media":"","overlay-type":"","overlay-color":"","overlay-gradient":""},"tablet":{"background-color":"var(--ast-global-color-5)","background-image":"","background-repeat":"repeat","background-position":"center center","background-size":"auto","background-attachment":"scroll","background-type":"","background-media":"","overlay-type":"","overlay-color":"","overlay-gradient":""},"mobile":{"background-color":"var(--ast-global-color-5)","background-image":"","background-repeat":"repeat","background-position":"center center","background-size":"auto","background-attachment":"scroll","background-type":"","background-media":"","overlay-type":"","overlay-color":"","overlay-gradient":""}}},"product_cat":[17],"product_tag":[],"_links":{"self":[{"href":"https:\/\/astrowondergirl.com\/index.php\/wp-json\/wp\/v2\/product\/2810"}],"collection":[{"href":"https:\/\/astrowondergirl.com\/index.php\/wp-json\/wp\/v2\/product"}],"about":[{"href":"https:\/\/astrowondergirl.com\/index.php\/wp-json\/wp\/v2\/types\/product"}],"wp:featuredmedia":[{"embeddable":true,"href":"https:\/\/astrowondergirl.com\/index.php\/wp-json\/wp\/v2\/media\/2811"}],"wp:attachment":[{"href":"https:\/\/astrowondergirl.com\/index.php\/wp-json\/wp\/v2\/media?parent=2810"}],"wp:term":[{"taxonomy":"product_cat","embeddable":true,"href":"https:\/\/astrowondergirl.com\/index.php\/wp-json\/wp\/v2\/product_cat?post=2810"},{"taxonomy":"product_tag","embeddable":true,"href":"https:\/\/astrowondergirl.com\/index.php\/wp-json\/wp\/v2\/product_tag?post=2810"}],"curies":[{"name":"wp","href":"https:\/\/api.w.org\/{rel}","templated":true}]}}