{"id":2429,"date":"2025-10-31T05:46:47","date_gmt":"2025-10-31T05:46:47","guid":{"rendered":"https:\/\/astrowondergirl.com\/?post_type=product&#038;p=2429"},"modified":"2026-02-16T08:27:56","modified_gmt":"2026-02-16T08:27:56","slug":"hol-kellene-elned-online-kurzus","status":"publish","type":"product","link":"https:\/\/astrowondergirl.com\/index.php\/product\/hol-kellene-elned-online-kurzus\/","title":{"rendered":"Hol kellene \u00e9lned? &#8211; Online kurzus"},"content":{"rendered":"","protected":false},"excerpt":{"rendered":"<p class=\"p1\"><b>Tal\u00e1ld meg az \u00e1lomotthonod az asztrol\u00f3gia seg\u00edts\u00e9g\u00e9vel!<\/b><\/p>\n<p class=\"p1\">Ez a 2,5 \u00f3r\u00e1s online kurzus seg\u00edt felfedezni, hogy az asztrol\u00f3gia szerint hol \u00e9rezn\u00e9d magad igaz\u00e1n otthon \u2013 ak\u00e1r v\u00e1rosban, tengerparton vagy hegyek k\u00f6z\u00f6tt. Megismerheted, milyen k\u00f6rnyezet, st\u00edlus \u00e9s energia illik legjobban a csillagjegyedhez, \u00e9s hogyan teremthetsz harmonikus \u00e9letteret \u00f6nmagad sz\u00e1m\u00e1ra. T\u00f6k\u00e9letes v\u00e1laszt\u00e1s, ha inspir\u00e1ci\u00f3t keresel a k\u00f6lt\u00f6z\u00e9shez, befektet\u00e9shez vagy \u00f6nismereti \u00fathoz. A legt\u00f6bbet akkor tudod kihozni az online kurzusb\u00f3l, ha tudod, hogy pontosan mikor sz\u00fclett\u00e9l, azaz \u00f3ra, percet is.<\/p>\n<p>&nbsp;<\/p>\n<p>A megrendel\u00e9s ut\u00e1n 24 \u00f3r\u00e1n bel\u00fcl megosztom veled a linket a vide\u00f3khoz.<\/p>\n","protected":false},"featured_media":2430,"template":"","meta":{"site-sidebar-layout":"default","site-content-layout":"","ast-site-content-layout":"default","site-content-style":"default","site-sidebar-style":"default","ast-global-header-display":"","ast-banner-title-visibility":"","ast-main-header-display":"","ast-hfb-above-header-display":"","ast-hfb-below-header-display":"","ast-hfb-mobile-header-display":"","site-post-title":"","ast-breadcrumbs-content":"","ast-featured-img":"","footer-sml-layout":"","theme-transparent-header-meta":"default","adv-header-id-meta":"","stick-header-meta":"","header-above-stick-meta":"","header-main-stick-meta":"","header-below-stick-meta":"","astra-migrate-meta-layouts":"set","ast-page-background-enabled":"default","ast-page-background-meta":{"desktop":{"background-color":"var(--ast-global-color-4)","background-image":"","background-repeat":"repeat","background-position":"center center","background-size":"auto","background-attachment":"scroll","background-type":"","background-media":"","overlay-type":"","overlay-color":"","overlay-gradient":""},"tablet":{"background-color":"","background-image":"","background-repeat":"repeat","background-position":"center center","background-size":"auto","background-attachment":"scroll","background-type":"","background-media":"","overlay-type":"","overlay-color":"","overlay-gradient":""},"mobile":{"background-color":"","background-image":"","background-repeat":"repeat","background-position":"center center","background-size":"auto","background-attachment":"scroll","background-type":"","background-media":"","overlay-type":"","overlay-color":"","overlay-gradient":""}},"ast-content-background-meta":{"desktop":{"background-color":"var(--ast-global-color-5)","background-image":"","background-repeat":"repeat","background-position":"center center","background-size":"auto","background-attachment":"scroll","background-type":"","background-media":"","overlay-type":"","overlay-color":"","overlay-gradient":""},"tablet":{"background-color":"var(--ast-global-color-5)","background-image":"","background-repeat":"repeat","background-position":"center center","background-size":"auto","background-attachment":"scroll","background-type":"","background-media":"","overlay-type":"","overlay-color":"","overlay-gradient":""},"mobile":{"background-color":"var(--ast-global-color-5)","background-image":"","background-repeat":"repeat","background-position":"center center","background-size":"auto","background-attachment":"scroll","background-type":"","background-media":"","overlay-type":"","overlay-color":"","overlay-gradient":""}}},"product_cat":[17],"product_tag":[],"_links":{"self":[{"href":"https:\/\/astrowondergirl.com\/index.php\/wp-json\/wp\/v2\/product\/2429"}],"collection":[{"href":"https:\/\/astrowondergirl.com\/index.php\/wp-json\/wp\/v2\/product"}],"about":[{"href":"https:\/\/astrowondergirl.com\/index.php\/wp-json\/wp\/v2\/types\/product"}],"wp:featuredmedia":[{"embeddable":true,"href":"https:\/\/astrowondergirl.com\/index.php\/wp-json\/wp\/v2\/media\/2430"}],"wp:attachment":[{"href":"https:\/\/astrowondergirl.com\/index.php\/wp-json\/wp\/v2\/media?parent=2429"}],"wp:term":[{"taxonomy":"product_cat","embeddable":true,"href":"https:\/\/astrowondergirl.com\/index.php\/wp-json\/wp\/v2\/product_cat?post=2429"},{"taxonomy":"product_tag","embeddable":true,"href":"https:\/\/astrowondergirl.com\/index.php\/wp-json\/wp\/v2\/product_tag?post=2429"}],"curies":[{"name":"wp","href":"https:\/\/api.w.org\/{rel}","templated":true}]}}