{"id":2382,"date":"2025-09-25T05:39:11","date_gmt":"2025-09-25T04:39:11","guid":{"rendered":"https:\/\/astrowondergirl.com\/?post_type=product&#038;p=2382"},"modified":"2026-03-22T06:18:26","modified_gmt":"2026-03-22T06:18:26","slug":"feleves-elorejelzes","status":"publish","type":"product","link":"https:\/\/astrowondergirl.com\/index.php\/product\/feleves-elorejelzes\/","title":{"rendered":"F\u00e9l\u00e9ves el\u0151rejelz\u00e9s"},"content":{"rendered":"","protected":false},"excerpt":{"rendered":"<p class=\"p1\">Ha szeretn\u00e9d megtudni, hogy mi v\u00e1r r\u00e1d a k\u00f6vetkez\u0151 6 h\u00f3napban, akkor a f\u00e9l\u00e9ves el\u0151rejelz\u00e9st aj\u00e1nlom neked. A f\u00e9l\u00e9ves el\u0151rejelz\u00e9s sor\u00e1n r\u00e9szletes t\u00e1j\u00e9koztat\u00e1st adok arr\u00f3l, hogy mire sz\u00e1m\u00edthatsz a k\u00f6vetkez\u0151 6 h\u00f3napban, mely \u00e9letter\u00fcletek ker\u00fclnek el\u0151t\u00e9rbe, \u00e9s term\u00e9szetesen megadom a legfontosabb d\u00e1tumokat, amelyekre \u00e9rdemes odafigyelned.<\/p>\n<p>&nbsp;<\/p>\n<p class=\"p1\"><i>Miut\u00e1n megv\u00e1s\u00e1roltad ezt a szolg\u00e1ltat\u00e1st, k\u00e9rlek navig\u00e1lj a Kapcsolat men\u00fcpontra, \u00e9s k\u00fcldd el nekem a pontos sz\u00fclet\u00e9si adataidat (hely, d\u00e1tum, \u00f3ra \u00e9s perc),illetve a jelenlegi lak\u00f3helyedet, valamint a konkr\u00e9t k\u00e9rd\u00e9st, amire kiv\u00e1ncsi vagy. Az adatok megad\u00e1sa ut\u00e1n k\u00e9t-h\u00e1rom h\u00e9ten bel\u00fcl k\u00fcld\u00f6m a kb. 30-4<em>0<\/em> perces hangfelv\u00e9telt.<\/i><\/p>\n","protected":false},"featured_media":1652,"template":"","meta":{"site-sidebar-layout":"default","site-content-layout":"","ast-site-content-layout":"default","site-content-style":"default","site-sidebar-style":"default","ast-global-header-display":"","ast-banner-title-visibility":"","ast-main-header-display":"","ast-hfb-above-header-display":"","ast-hfb-below-header-display":"","ast-hfb-mobile-header-display":"","site-post-title":"","ast-breadcrumbs-content":"","ast-featured-img":"","footer-sml-layout":"","theme-transparent-header-meta":"default","adv-header-id-meta":"","stick-header-meta":"","header-above-stick-meta":"","header-main-stick-meta":"","header-below-stick-meta":"","astra-migrate-meta-layouts":"set","ast-page-background-enabled":"default","ast-page-background-meta":{"desktop":{"background-color":"var(--ast-global-color-4)","background-image":"","background-repeat":"repeat","background-position":"center center","background-size":"auto","background-attachment":"scroll","background-type":"","background-media":"","overlay-type":"","overlay-color":"","overlay-gradient":""},"tablet":{"background-color":"","background-image":"","background-repeat":"repeat","background-position":"center center","background-size":"auto","background-attachment":"scroll","background-type":"","background-media":"","overlay-type":"","overlay-color":"","overlay-gradient":""},"mobile":{"background-color":"","background-image":"","background-repeat":"repeat","background-position":"center center","background-size":"auto","background-attachment":"scroll","background-type":"","background-media":"","overlay-type":"","overlay-color":"","overlay-gradient":""}},"ast-content-background-meta":{"desktop":{"background-color":"var(--ast-global-color-5)","background-image":"","background-repeat":"repeat","background-position":"center center","background-size":"auto","background-attachment":"scroll","background-type":"","background-media":"","overlay-type":"","overlay-color":"","overlay-gradient":""},"tablet":{"background-color":"var(--ast-global-color-5)","background-image":"","background-repeat":"repeat","background-position":"center center","background-size":"auto","background-attachment":"scroll","background-type":"","background-media":"","overlay-type":"","overlay-color":"","overlay-gradient":""},"mobile":{"background-color":"var(--ast-global-color-5)","background-image":"","background-repeat":"repeat","background-position":"center center","background-size":"auto","background-attachment":"scroll","background-type":"","background-media":"","overlay-type":"","overlay-color":"","overlay-gradient":""}}},"product_cat":[25],"product_tag":[],"_links":{"self":[{"href":"https:\/\/astrowondergirl.com\/index.php\/wp-json\/wp\/v2\/product\/2382"}],"collection":[{"href":"https:\/\/astrowondergirl.com\/index.php\/wp-json\/wp\/v2\/product"}],"about":[{"href":"https:\/\/astrowondergirl.com\/index.php\/wp-json\/wp\/v2\/types\/product"}],"wp:featuredmedia":[{"embeddable":true,"href":"https:\/\/astrowondergirl.com\/index.php\/wp-json\/wp\/v2\/media\/1652"}],"wp:attachment":[{"href":"https:\/\/astrowondergirl.com\/index.php\/wp-json\/wp\/v2\/media?parent=2382"}],"wp:term":[{"taxonomy":"product_cat","embeddable":true,"href":"https:\/\/astrowondergirl.com\/index.php\/wp-json\/wp\/v2\/product_cat?post=2382"},{"taxonomy":"product_tag","embeddable":true,"href":"https:\/\/astrowondergirl.com\/index.php\/wp-json\/wp\/v2\/product_tag?post=2382"}],"curies":[{"name":"wp","href":"https:\/\/api.w.org\/{rel}","templated":true}]}}