{"id":2327,"date":"2025-09-11T16:09:22","date_gmt":"2025-09-11T15:09:22","guid":{"rendered":"https:\/\/astrowondergirl.com\/?post_type=product&#038;p=2327"},"modified":"2026-02-16T08:28:25","modified_gmt":"2026-02-16T08:28:25","slug":"teremts-boseget-30-nap-alatt-eft-kopogtatas","status":"publish","type":"product","link":"https:\/\/astrowondergirl.com\/index.php\/product\/teremts-boseget-30-nap-alatt-eft-kopogtatas\/","title":{"rendered":"Teremts b\u0151s\u00e9get 30 nap alatt &#8211; EFT kopogtat\u00e1s"},"content":{"rendered":"","protected":false},"excerpt":{"rendered":"<p>A teremts b\u0151s\u00e9get 30 nap alatt &#8211; EFT kopogtat\u00e1s egy 30 vide\u00f3b\u00f3l \u00e1ll\u00f3 kopogtat\u00e1s sorozat, ami a leggyakoribb p\u00e9nzzel kapcsolatos korl\u00e1toz\u00f3 hiedelmek felold\u00e1s\u00e1ban seg\u00edt. Az al\u00e1bbi t\u00e9m\u00e1k szerint:<\/p>\n<p>&nbsp;<\/p>\n<p class=\"p1\">\u2705Nem vagyok m\u00e9lt\u00f3 az anyagi b\u0151s\u00e9gre<\/p>\n<p class=\"p1\">\u2705A p\u00e9nzhez nagyon neh\u00e9z hozz\u00e1jutni<\/p>\n<p class=\"p1\">\u2705B\u0171ntudatom van amiatt, mert t\u00f6bb p\u00e9nzt szeretn\u00e9k<\/p>\n<p class=\"p1\">\u2705Nem kereshetek t\u00f6bb p\u00e9nzt, mint a k\u00f6r\u00fcl\u00f6ttem l\u00e9v\u0151 emberek<\/p>\n<p>\u2705F\u00e9lek, hogy amint p\u00e9nzhez jutok, r\u00f6gt\u00f6n el is vesz\u00edtem<\/p>\n<p>\u2705A gazdag emberek rosszak vagy kapzsik<\/p>\n<p>\u2705Nem vagyok el\u00e9g okos vagy tehets\u00e9ges ahhoz, hogy p\u00e9nzt keressek<\/p>\n<p class=\"p1\">\u2705A gyermekkori traum\u00e1k old\u00e1sa amik a p\u00e9nzhez kapcsol\u00f3dnak<\/p>\n<p>\u2705A sz\u00e9gyen elenged\u00e9se a m\u00faltbeli p\u00e9nz\u00fcgyi hib\u00e1k miatt<\/p>\n<p class=\"p1\">\u2705A halogat\u00e1s elenged\u00e9se a sz\u00e1ml\u00e1kkal, kifizet\u00e9sekkel kapcsolatban<\/p>\n<p>\u2705A f\u00e9lelem legy\u0151z\u00e9se, hogy nem mer\u00fcnk annyit k\u00e9rj\u00fcnk, amennyit meg\u00e9rdeml\u00fcnk<\/p>\n<p>\u2705A hi\u00e1nymentalit\u00e1s elenged\u00e9se<\/p>\n<p>\u2705A kudarc f\u00e9lelm\u00e9nek elenged\u00e9se az \u00faj p\u00e9nz\u00fcgyi lehet\u0151s\u00e9gekkel kapcsolatban<\/p>\n<p>\u2705A sikerrel kapcsolatos f\u00e9lelem elenged\u00e9se<\/p>\n<p>\u2705A kem\u00e9nyen kell dolgoznom a p\u00e9nz\u00e9rt hitrendszer elenged\u00e9se<\/p>\n<p>\u2705\u00d6sszehangol\u00f3d\u00e1s a befogad\u00e1s energi\u00e1j\u00e1val<\/p>\n<p>\u2705A h\u00e1la gyakorl\u00e1sa a p\u00e9nz\u00e9rt, ami m\u00e1r most az \u00e9letedben van<\/p>\n<p>\u2705Meger\u0151s\u00edteni, hogy a p\u00e9nz t\u00e1mogatja az \u00e1lmaidat \u00e9s a c\u00e9ljaidat<\/p>\n<p>\u2705Megny\u00edlni a p\u00e9nz \u00e9s a b\u0151s\u00e9g v\u00e1ratlan forr\u00e1sai el\u0151tt<\/p>\n<p class=\"p1\">\u2705A p\u00e9nzzel kapcsolatos biztons\u00e1g\u00e9rzet megteremt\u00e9se az \u00e9letedben<\/p>\n<p class=\"p1\">\u2705Megb\u00edzni abban, hogy a p\u00e9nz korl\u00e1tlan er\u0151forr\u00e1s<\/p>\n<p class=\"p1\">\u2705\u00d6nbizalom n\u00f6vel\u00e9se az anyagi lehet\u0151s\u00e9gek bevonz\u00e1s\u00e1hoz<\/p>\n<p class=\"p1\">\u2705A ide\u00e1lis j\u00f6v\u0151beli p\u00e9nz\u00fcgyi v\u00edzi\u00f3d megteremt\u00e9se<\/p>\n<p class=\"p1\">\u2705A veled \u00f6sszhangban l\u00e9v\u0151 \u00fcgyfelek vagy v\u00e1s\u00e1rl\u00f3k bevonz\u00e1sa<\/p>\n<p class=\"p1\">\u2705\u00c9rezd, hogy meg\u00e9rdemled a luxust \u00e9s a p\u00e9nz\u00fcgyi szabads\u00e1got<\/p>\n<p class=\"p1\">\u2705A v\u00e1ratlan gazdags\u00e1g megteremt\u00e9se<\/p>\n<p class=\"p1\">\u2705Kopogtat\u00e1s a p\u00e9nz \u00e1raml\u00e1s\u00e9rt a neh\u00e9z id\u0151kben<\/p>\n<p class=\"p1\">\u2705A k\u00f6vetkezetess\u00e9g megteremt\u00e9se a p\u00e9nz\u00fcgyi szok\u00e1saidban<\/p>\n<p class=\"p1\">\u2705A gazdags\u00e1gtudat<span class=\"Apple-converted-space\">\u00a0<\/span>integr\u00e1l\u00e1sa a mindennapi \u00e9letbe<\/p>\n<p>&nbsp;<\/p>\n<p>A megrendel\u00e9s ut\u00e1n 24 \u00f3r\u00e1n bel\u00fcl megosztom veled a linket a vide\u00f3khoz.<\/p>\n","protected":false},"featured_media":2328,"template":"","meta":{"site-sidebar-layout":"default","site-content-layout":"","ast-site-content-layout":"default","site-content-style":"default","site-sidebar-style":"default","ast-global-header-display":"","ast-banner-title-visibility":"","ast-main-header-display":"","ast-hfb-above-header-display":"","ast-hfb-below-header-display":"","ast-hfb-mobile-header-display":"","site-post-title":"","ast-breadcrumbs-content":"","ast-featured-img":"","footer-sml-layout":"","theme-transparent-header-meta":"default","adv-header-id-meta":"","stick-header-meta":"","header-above-stick-meta":"","header-main-stick-meta":"","header-below-stick-meta":"","astra-migrate-meta-layouts":"set","ast-page-background-enabled":"default","ast-page-background-meta":{"desktop":{"background-color":"var(--ast-global-color-4)","background-image":"","background-repeat":"repeat","background-position":"center center","background-size":"auto","background-attachment":"scroll","background-type":"","background-media":"","overlay-type":"","overlay-color":"","overlay-gradient":""},"tablet":{"background-color":"","background-image":"","background-repeat":"repeat","background-position":"center center","background-size":"auto","background-attachment":"scroll","background-type":"","background-media":"","overlay-type":"","overlay-color":"","overlay-gradient":""},"mobile":{"background-color":"","background-image":"","background-repeat":"repeat","background-position":"center center","background-size":"auto","background-attachment":"scroll","background-type":"","background-media":"","overlay-type":"","overlay-color":"","overlay-gradient":""}},"ast-content-background-meta":{"desktop":{"background-color":"var(--ast-global-color-5)","background-image":"","background-repeat":"repeat","background-position":"center center","background-size":"auto","background-attachment":"scroll","background-type":"","background-media":"","overlay-type":"","overlay-color":"","overlay-gradient":""},"tablet":{"background-color":"var(--ast-global-color-5)","background-image":"","background-repeat":"repeat","background-position":"center center","background-size":"auto","background-attachment":"scroll","background-type":"","background-media":"","overlay-type":"","overlay-color":"","overlay-gradient":""},"mobile":{"background-color":"var(--ast-global-color-5)","background-image":"","background-repeat":"repeat","background-position":"center center","background-size":"auto","background-attachment":"scroll","background-type":"","background-media":"","overlay-type":"","overlay-color":"","overlay-gradient":""}}},"product_cat":[17],"product_tag":[],"_links":{"self":[{"href":"https:\/\/astrowondergirl.com\/index.php\/wp-json\/wp\/v2\/product\/2327"}],"collection":[{"href":"https:\/\/astrowondergirl.com\/index.php\/wp-json\/wp\/v2\/product"}],"about":[{"href":"https:\/\/astrowondergirl.com\/index.php\/wp-json\/wp\/v2\/types\/product"}],"wp:featuredmedia":[{"embeddable":true,"href":"https:\/\/astrowondergirl.com\/index.php\/wp-json\/wp\/v2\/media\/2328"}],"wp:attachment":[{"href":"https:\/\/astrowondergirl.com\/index.php\/wp-json\/wp\/v2\/media?parent=2327"}],"wp:term":[{"taxonomy":"product_cat","embeddable":true,"href":"https:\/\/astrowondergirl.com\/index.php\/wp-json\/wp\/v2\/product_cat?post=2327"},{"taxonomy":"product_tag","embeddable":true,"href":"https:\/\/astrowondergirl.com\/index.php\/wp-json\/wp\/v2\/product_tag?post=2327"}],"curies":[{"name":"wp","href":"https:\/\/api.w.org\/{rel}","templated":true}]}}