{"id":2182,"date":"2025-05-02T10:10:12","date_gmt":"2025-05-02T09:10:12","guid":{"rendered":"https:\/\/astrowondergirl.com\/?post_type=product&#038;p=2182"},"modified":"2025-08-31T07:49:05","modified_gmt":"2025-08-31T06:49:05","slug":"allatkommunikacio","status":"publish","type":"product","link":"https:\/\/astrowondergirl.com\/index.php\/product\/allatkommunikacio\/","title":{"rendered":"\u00c1llatkommunik\u00e1ci\u00f3"},"content":{"rendered":"","protected":false},"excerpt":{"rendered":"<p>A ThetaHealing\u00ae technika seg\u00edts\u00e9g\u00e9vel lehet\u0151s\u00e9g ny\u00edlik m\u00e9lyebb szinten kapcsol\u00f3dni \u00e1llataidhoz. Az \u00e1llatkommunik\u00e1ci\u00f3 sor\u00e1n tiszt\u00e1bban \u00e9rthet\u0151v\u00e9 v\u00e1lnak kedvenced \u00e9rz\u00e9sei, sz\u00fcks\u00e9gletei \u00e9s \u00fczenetei, \u00edgy k\u00f6nnyebb felismerni, mi rejlik a viselked\u00e9se m\u00f6g\u00f6tt. Ez a folyamat seg\u00edti a gy\u00f3gyul\u00e1st, az \u00f6sszhangot \u00e9s a szeretetteljes kapcsolat elm\u00e9ly\u00edt\u00e9s\u00e9t k\u00f6ztetek.<\/p>\n<p>&nbsp;<\/p>\n<p><i>Miut\u00e1n megv\u00e1s\u00e1roltad ezt a szolg\u00e1ltat\u00e1st, visszajelzek a 3<\/i><i>0 perces online meeting lehets\u00e9ges id\u0151pontjaival kapcsolatban<\/i><\/p>\n","protected":false},"featured_media":2259,"template":"","meta":{"site-sidebar-layout":"default","site-content-layout":"","ast-site-content-layout":"default","site-content-style":"default","site-sidebar-style":"default","ast-global-header-display":"","ast-banner-title-visibility":"","ast-main-header-display":"","ast-hfb-above-header-display":"","ast-hfb-below-header-display":"","ast-hfb-mobile-header-display":"","site-post-title":"","ast-breadcrumbs-content":"","ast-featured-img":"","footer-sml-layout":"","theme-transparent-header-meta":"default","adv-header-id-meta":"","stick-header-meta":"","header-above-stick-meta":"","header-main-stick-meta":"","header-below-stick-meta":"","astra-migrate-meta-layouts":"set","ast-page-background-enabled":"default","ast-page-background-meta":{"desktop":{"background-color":"var(--ast-global-color-4)","background-image":"","background-repeat":"repeat","background-position":"center center","background-size":"auto","background-attachment":"scroll","background-type":"","background-media":"","overlay-type":"","overlay-color":"","overlay-gradient":""},"tablet":{"background-color":"","background-image":"","background-repeat":"repeat","background-position":"center center","background-size":"auto","background-attachment":"scroll","background-type":"","background-media":"","overlay-type":"","overlay-color":"","overlay-gradient":""},"mobile":{"background-color":"","background-image":"","background-repeat":"repeat","background-position":"center center","background-size":"auto","background-attachment":"scroll","background-type":"","background-media":"","overlay-type":"","overlay-color":"","overlay-gradient":""}},"ast-content-background-meta":{"desktop":{"background-color":"var(--ast-global-color-5)","background-image":"","background-repeat":"repeat","background-position":"center center","background-size":"auto","background-attachment":"scroll","background-type":"","background-media":"","overlay-type":"","overlay-color":"","overlay-gradient":""},"tablet":{"background-color":"var(--ast-global-color-5)","background-image":"","background-repeat":"repeat","background-position":"center center","background-size":"auto","background-attachment":"scroll","background-type":"","background-media":"","overlay-type":"","overlay-color":"","overlay-gradient":""},"mobile":{"background-color":"var(--ast-global-color-5)","background-image":"","background-repeat":"repeat","background-position":"center center","background-size":"auto","background-attachment":"scroll","background-type":"","background-media":"","overlay-type":"","overlay-color":"","overlay-gradient":""}}},"product_cat":[17],"product_tag":[],"_links":{"self":[{"href":"https:\/\/astrowondergirl.com\/index.php\/wp-json\/wp\/v2\/product\/2182"}],"collection":[{"href":"https:\/\/astrowondergirl.com\/index.php\/wp-json\/wp\/v2\/product"}],"about":[{"href":"https:\/\/astrowondergirl.com\/index.php\/wp-json\/wp\/v2\/types\/product"}],"wp:featuredmedia":[{"embeddable":true,"href":"https:\/\/astrowondergirl.com\/index.php\/wp-json\/wp\/v2\/media\/2259"}],"wp:attachment":[{"href":"https:\/\/astrowondergirl.com\/index.php\/wp-json\/wp\/v2\/media?parent=2182"}],"wp:term":[{"taxonomy":"product_cat","embeddable":true,"href":"https:\/\/astrowondergirl.com\/index.php\/wp-json\/wp\/v2\/product_cat?post=2182"},{"taxonomy":"product_tag","embeddable":true,"href":"https:\/\/astrowondergirl.com\/index.php\/wp-json\/wp\/v2\/product_tag?post=2182"}],"curies":[{"name":"wp","href":"https:\/\/api.w.org\/{rel}","templated":true}]}}