{"id":1795,"date":"2023-12-22T10:43:24","date_gmt":"2023-12-22T10:43:24","guid":{"rendered":"https:\/\/astrowondergirl.com\/?post_type=product&#038;p=1795"},"modified":"2026-03-22T06:18:46","modified_gmt":"2026-03-22T06:18:46","slug":"solar-chart-reading","status":"publish","type":"product","link":"https:\/\/astrowondergirl.com\/index.php\/product\/solar-chart-reading\/","title":{"rendered":"Szol\u00e1r horoszk\u00f3p"},"content":{"rendered":"","protected":false},"excerpt":{"rendered":"<p class=\"p1\">Minden \u00e9vben a sz\u00fclet\u00e9snapod el\u0151tt \u00e9rdemes egy szol\u00e1r horoszk\u00f3pot k\u00e9sz\u00edtettni. Ez a horoszk\u00f3p a sz\u00fclet\u00e9snapodt\u00f3l a k\u00f6vetkez\u0151 sz\u00fclet\u00e9snapodig \u00e9rv\u00e9nyes. Ez az elemz\u00e9s azokra a ter\u00fcletekre \u00f6sszpontos\u00edt, amelyek az adott \u00e9vben kiemelked\u0151en fontosak lesznek, illetve \u00e1ttekint\u00e9st ad a k\u00f6zelg\u0151 lehet\u0151s\u00e9gekr\u0151l \u00e9s a lehets\u00e9ges kih\u00edv\u00e1sokr\u00f3l is.<\/p>\n<p>&nbsp;<\/p>\n<p class=\"p1\"><em>Miut\u00e1n megv\u00e1s\u00e1roltad ezt a szolg\u00e1ltat\u00e1st, k\u00e9rlek navig\u00e1lj a Kapcsolat men\u00fcpontra, \u00e9s k\u00fcldd el nekem a pontos sz\u00fclet\u00e9si adataidat (hely, d\u00e1tum, \u00f3ra \u00e9s perc),illetve a jelenlegi lak\u00f3helyedet, valamint a konkr\u00e9t k\u00e9rd\u00e9st, amire kiv\u00e1ncsi vagy. Az adatok megad\u00e1sa ut\u00e1n k\u00e9t-h\u00e1rom h\u00e9ten bel\u00fcl k\u00fcld\u00f6m a 30-40 perces hangfelv\u00e9telt.<\/em><\/p>\n","protected":false},"featured_media":1787,"template":"","meta":{"site-sidebar-layout":"default","site-content-layout":"","ast-site-content-layout":"default","site-content-style":"default","site-sidebar-style":"default","ast-global-header-display":"","ast-banner-title-visibility":"","ast-main-header-display":"","ast-hfb-above-header-display":"","ast-hfb-below-header-display":"","ast-hfb-mobile-header-display":"","site-post-title":"","ast-breadcrumbs-content":"","ast-featured-img":"","footer-sml-layout":"","theme-transparent-header-meta":"default","adv-header-id-meta":"","stick-header-meta":"","header-above-stick-meta":"","header-main-stick-meta":"","header-below-stick-meta":"","astra-migrate-meta-layouts":"set","ast-page-background-enabled":"default","ast-page-background-meta":{"desktop":{"background-color":"var(--ast-global-color-4)","background-image":"","background-repeat":"repeat","background-position":"center center","background-size":"auto","background-attachment":"scroll","background-type":"","background-media":"","overlay-type":"","overlay-color":"","overlay-gradient":""},"tablet":{"background-color":"","background-image":"","background-repeat":"repeat","background-position":"center center","background-size":"auto","background-attachment":"scroll","background-type":"","background-media":"","overlay-type":"","overlay-color":"","overlay-gradient":""},"mobile":{"background-color":"","background-image":"","background-repeat":"repeat","background-position":"center center","background-size":"auto","background-attachment":"scroll","background-type":"","background-media":"","overlay-type":"","overlay-color":"","overlay-gradient":""}},"ast-content-background-meta":{"desktop":{"background-color":"var(--ast-global-color-5)","background-image":"","background-repeat":"repeat","background-position":"center center","background-size":"auto","background-attachment":"scroll","background-type":"","background-media":"","overlay-type":"","overlay-color":"","overlay-gradient":""},"tablet":{"background-color":"var(--ast-global-color-5)","background-image":"","background-repeat":"repeat","background-position":"center center","background-size":"auto","background-attachment":"scroll","background-type":"","background-media":"","overlay-type":"","overlay-color":"","overlay-gradient":""},"mobile":{"background-color":"var(--ast-global-color-5)","background-image":"","background-repeat":"repeat","background-position":"center center","background-size":"auto","background-attachment":"scroll","background-type":"","background-media":"","overlay-type":"","overlay-color":"","overlay-gradient":""}}},"product_cat":[25],"product_tag":[],"_links":{"self":[{"href":"https:\/\/astrowondergirl.com\/index.php\/wp-json\/wp\/v2\/product\/1795"}],"collection":[{"href":"https:\/\/astrowondergirl.com\/index.php\/wp-json\/wp\/v2\/product"}],"about":[{"href":"https:\/\/astrowondergirl.com\/index.php\/wp-json\/wp\/v2\/types\/product"}],"wp:featuredmedia":[{"embeddable":true,"href":"https:\/\/astrowondergirl.com\/index.php\/wp-json\/wp\/v2\/media\/1787"}],"wp:attachment":[{"href":"https:\/\/astrowondergirl.com\/index.php\/wp-json\/wp\/v2\/media?parent=1795"}],"wp:term":[{"taxonomy":"product_cat","embeddable":true,"href":"https:\/\/astrowondergirl.com\/index.php\/wp-json\/wp\/v2\/product_cat?post=1795"},{"taxonomy":"product_tag","embeddable":true,"href":"https:\/\/astrowondergirl.com\/index.php\/wp-json\/wp\/v2\/product_tag?post=1795"}],"curies":[{"name":"wp","href":"https:\/\/api.w.org\/{rel}","templated":true}]}}