{"id":1612,"date":"2023-12-05T12:52:57","date_gmt":"2023-12-05T12:52:57","guid":{"rendered":"https:\/\/astrowondergirl.com\/?post_type=product&#038;p=1612"},"modified":"2026-03-24T14:16:53","modified_gmt":"2026-03-24T14:16:53","slug":"natal-chart-reading","status":"publish","type":"product","link":"https:\/\/astrowondergirl.com\/index.php\/product\/natal-chart-reading\/","title":{"rendered":"Sz\u00fclet\u00e9si k\u00e9plet elemz\u00e9s"},"content":{"rendered":"","protected":false},"excerpt":{"rendered":"<p class=\"p1\">A sz\u00fclet\u00e9si k\u00e9plet elemz\u00e9se nagyban seg\u00edthet abban, hogy jobban meg\u00e9rtsd \u00f6nmagad \u00e9s a k\u00f6r\u00fcl\u00f6tted l\u00e9v\u0151 vil\u00e1got. Megtudhatod, milyen adotts\u00e1gokkal \u00e9s tehets\u00e9gekkel \u00e9rkezt\u00e9l ebbe az \u00e9letbe. A sz\u00fclet\u00e9si k\u00e9plet elemz\u00e9se sor\u00e1n az \u00e9let k\u00fcl\u00f6nb\u00f6z\u0151 ter\u00fcleteit besz\u00e9lj\u00fck \u00e1t, bele\u00e9rtve a karriert, az otthoni \u00e9s csal\u00e1di \u00e9letet \u00e9s a p\u00e1rkapcsolatot. Mindenk\u00e9ppen aj\u00e1nlom ezt az elemz\u00e9st, ha k\u00e9szen \u00e1llsz a m\u00e9lyebb \u00f6nismeretre.<\/p>\n<p>&nbsp;<\/p>\n<p class=\"p1\"><i>Miut\u00e1n megv\u00e1s\u00e1roltad ezt a szolg\u00e1ltat\u00e1st, k\u00e9rlek navig\u00e1lj a Kapcsolat men\u00fcpontra, \u00e9s k\u00fcldd el nekem a pontos sz\u00fclet\u00e9si adataidat (hely, d\u00e1tum, \u00f3ra \u00e9s perc),illetve a jelenlegi lak\u00f3helyedet, valamint b\u00e1rmilyen konkr\u00e9t k\u00e9rd\u00e9st, amire kiv\u00e1ncsi vagy. Az adatok megad\u00e1sa ut\u00e1n, visszajelzek a 60-9<em>0<\/em> perces online meeting lehets\u00e9ges id\u0151pontjaival kapcsolatban.<\/i><\/p>\n","protected":false},"featured_media":1542,"template":"","meta":{"site-sidebar-layout":"default","site-content-layout":"","ast-site-content-layout":"default","site-content-style":"default","site-sidebar-style":"default","ast-global-header-display":"","ast-banner-title-visibility":"","ast-main-header-display":"","ast-hfb-above-header-display":"","ast-hfb-below-header-display":"","ast-hfb-mobile-header-display":"","site-post-title":"","ast-breadcrumbs-content":"","ast-featured-img":"","footer-sml-layout":"","theme-transparent-header-meta":"default","adv-header-id-meta":"","stick-header-meta":"","header-above-stick-meta":"","header-main-stick-meta":"","header-below-stick-meta":"","astra-migrate-meta-layouts":"set","ast-page-background-enabled":"default","ast-page-background-meta":{"desktop":{"background-color":"var(--ast-global-color-4)","background-image":"","background-repeat":"repeat","background-position":"center center","background-size":"auto","background-attachment":"scroll","background-type":"","background-media":"","overlay-type":"","overlay-color":"","overlay-gradient":""},"tablet":{"background-color":"","background-image":"","background-repeat":"repeat","background-position":"center center","background-size":"auto","background-attachment":"scroll","background-type":"","background-media":"","overlay-type":"","overlay-color":"","overlay-gradient":""},"mobile":{"background-color":"","background-image":"","background-repeat":"repeat","background-position":"center center","background-size":"auto","background-attachment":"scroll","background-type":"","background-media":"","overlay-type":"","overlay-color":"","overlay-gradient":""}},"ast-content-background-meta":{"desktop":{"background-color":"var(--ast-global-color-5)","background-image":"","background-repeat":"repeat","background-position":"center center","background-size":"auto","background-attachment":"scroll","background-type":"","background-media":"","overlay-type":"","overlay-color":"","overlay-gradient":""},"tablet":{"background-color":"var(--ast-global-color-5)","background-image":"","background-repeat":"repeat","background-position":"center center","background-size":"auto","background-attachment":"scroll","background-type":"","background-media":"","overlay-type":"","overlay-color":"","overlay-gradient":""},"mobile":{"background-color":"var(--ast-global-color-5)","background-image":"","background-repeat":"repeat","background-position":"center center","background-size":"auto","background-attachment":"scroll","background-type":"","background-media":"","overlay-type":"","overlay-color":"","overlay-gradient":""}}},"product_cat":[25],"product_tag":[],"_links":{"self":[{"href":"https:\/\/astrowondergirl.com\/index.php\/wp-json\/wp\/v2\/product\/1612"}],"collection":[{"href":"https:\/\/astrowondergirl.com\/index.php\/wp-json\/wp\/v2\/product"}],"about":[{"href":"https:\/\/astrowondergirl.com\/index.php\/wp-json\/wp\/v2\/types\/product"}],"wp:featuredmedia":[{"embeddable":true,"href":"https:\/\/astrowondergirl.com\/index.php\/wp-json\/wp\/v2\/media\/1542"}],"wp:attachment":[{"href":"https:\/\/astrowondergirl.com\/index.php\/wp-json\/wp\/v2\/media?parent=1612"}],"wp:term":[{"taxonomy":"product_cat","embeddable":true,"href":"https:\/\/astrowondergirl.com\/index.php\/wp-json\/wp\/v2\/product_cat?post=1612"},{"taxonomy":"product_tag","embeddable":true,"href":"https:\/\/astrowondergirl.com\/index.php\/wp-json\/wp\/v2\/product_tag?post=1612"}],"curies":[{"name":"wp","href":"https:\/\/api.w.org\/{rel}","templated":true}]}}